{"id":14,"date":"2021-01-19T14:31:04","date_gmt":"2021-01-19T14:31:04","guid":{"rendered":"https:\/\/xn--mikelokiena-8db.com\/?page_id=14"},"modified":"2021-01-20T08:36:55","modified_gmt":"2021-01-20T08:36:55","slug":"home","status":"publish","type":"page","link":"https:\/\/xn--mikelokiena-8db.com\/eus\/","title":{"rendered":"Home"},"content":{"rendered":"<div class=\"wpb-content-wrapper\"><div class=\"vc_row wpb_row vc_row-fluid\"><div class=\"wpb_column vc_column_container vc_col-sm-8\"><div class=\"vc_column-inner\"><div class=\"wpb_wrapper\">\n\t<div  class=\"wpb_single_image wpb_content_element vc_align_left   mikel\">\n\t\t\n\t\t<figure class=\"wpb_wrapper vc_figure\">\n\t\t\t<div class=\"vc_single_image-wrapper   vc_box_border_grey\"><img loading=\"lazy\" decoding=\"async\" width=\"1365\" height=\"2048\" src=\"https:\/\/xn--mikelokiena-8db.com\/wp-content\/uploads\/2021\/01\/456409_399897873395505_1822526561_o.jpg\" class=\"vc_single_image-img attachment-full\" alt=\"\" title=\"456409_399897873395505_1822526561_o\" srcset=\"https:\/\/xn--mikelokiena-8db.com\/wp-content\/uploads\/2021\/01\/456409_399897873395505_1822526561_o.jpg 1365w, https:\/\/xn--mikelokiena-8db.com\/wp-content\/uploads\/2021\/01\/456409_399897873395505_1822526561_o-200x300.jpg 200w, https:\/\/xn--mikelokiena-8db.com\/wp-content\/uploads\/2021\/01\/456409_399897873395505_1822526561_o-683x1024.jpg 683w, https:\/\/xn--mikelokiena-8db.com\/wp-content\/uploads\/2021\/01\/456409_399897873395505_1822526561_o-768x1152.jpg 768w, https:\/\/xn--mikelokiena-8db.com\/wp-content\/uploads\/2021\/01\/456409_399897873395505_1822526561_o-1024x1536.jpg 1024w, https:\/\/xn--mikelokiena-8db.com\/wp-content\/uploads\/2021\/01\/456409_399897873395505_1822526561_o-8x12.jpg 8w\" sizes=\"auto, (max-width: 1365px) 100vw, 1365px\" \/><\/div>\n\t\t<\/figure>\n\t<\/div>\n<\/div><\/div><\/div><div class=\"cv wpb_column vc_column_container vc_col-sm-4\"><div class=\"vc_column-inner\"><div class=\"wpb_wrapper\">\n\t<div class=\"wpb_text_column wpb_content_element\" >\n\t\t<div class=\"wpb_wrapper\">\n\t\t\t<p><a class=\"ajax-link link\" href=\"https:\/\/xn--mikelokiena-8db.com\/eus\/curriculum\/\" data-type=\"page-transition\">\u2013 CV<\/a><\/p>\n\n\t\t<\/div>\n\t<\/div>\n<\/div><\/div><\/div><\/div><div class=\"vc_row wpb_row vc_row-fluid\"><div class=\"wpb_column vc_column_container vc_col-sm-12\"><div class=\"vc_column-inner\"><div class=\"wpb_wrapper\">\n\t<div class=\"wpb_text_column wpb_content_element\" >\n\t\t<div class=\"wpb_wrapper\">\n\t\t\t<p class=\"p1\">Uno de los \u201ctemas\u201d que me han interesado y que de vez en cuando reaparece como un bucle es la preocupaci\u00f3n por la l\u00ednea, por el gesto casual o trazo gestual. Se me ocurre poner un ejemplo: Usted est\u00e1 estudiando el dise\u00f1o de su propia firma hasta que, finalmente, en uno de esos gestos, logra descubrir algo que le parece perfecto. Entonces lo memoriza, lo hace consciente, para despu\u00e9s volverlo a convertir en casi un gesto involuntario. Algo de esto tienen esos garabatos que uno hace mientras habla por tel\u00e9fono o algunos de esos dibujos de ni\u00f1os. Es la perfecci\u00f3n encontrada en un simple trazo de l\u00e1piz o en una peque\u00f1a rama que fundo en bronce, o la perfecci\u00f3n encontrada en una aparente mara\u00f1a de hilos.<span class=\"Apple-converted-space\">\u00a0<\/span><\/p>\n<p class=\"p1\">Tambi\u00e9n me han interesado siempre todos los materiales, investigar sus posibilidades de manipulaci\u00f3n y conocer sus caracter\u00edsticas pl\u00e1sticas, c\u00f3mo se comportan con la luz, por ejemplo. Mis tubos de ne\u00f3n o arg\u00f3n me gustan tanto cuando est\u00e1n encendidos como apagados.<\/p>\n<p class=\"p1\">Otra cosa que me gustar\u00eda decir es que si hay un hilo conductor en mi obra, ese es la espiritualidad y el deseo. Lo que me empuja a seguir trabajando es volver a sentir la sensaci\u00f3n de haber dado en el clavo, ser el medio para crear algo que est\u00e1 por encima de mi capacidad. Las obras que conservo son las que siento que las ha tocado Dios.<\/p>\n\n\t\t<\/div>\n\t<\/div>\n<\/div><\/div><\/div><\/div>\n<\/div>","protected":false},"excerpt":{"rendered":"\u2013 CV Uno de los \u201ctemas\u201d que me han interesado y que de vez en cuando reaparece como un bucle es la preocupaci\u00f3n por la l\u00ednea, por el gesto casual o trazo gestual. Se me ocurre poner un ejemplo: Usted est\u00e1 estudiando el dise\u00f1o de su propia firma hasta que, finalmente, en uno de esos [...]","protected":false},"author":2,"featured_media":0,"parent":0,"menu_order":0,"comment_status":"closed","ping_status":"closed","template":"","meta":{"footnotes":""},"class_list":["post-14","page","type-page","status-publish","hentry"],"yoast_head":"<!-- This site is optimized with the Yoast SEO plugin v22.1 - https:\/\/yoast.com\/wordpress\/plugins\/seo\/ -->\n<title>Home - Mikel Oki\u00f1ena<\/title>\n<meta name=\"robots\" content=\"index, follow, max-snippet:-1, max-image-preview:large, max-video-preview:-1\" \/>\n<link rel=\"canonical\" href=\"https:\/\/xn--mikelokiena-8db.com\/eus\/\" \/>\n<meta property=\"og:locale\" content=\"en_US\" \/>\n<meta property=\"og:type\" content=\"article\" \/>\n<meta property=\"og:title\" content=\"Home - Mikel Oki\u00f1ena\" \/>\n<meta property=\"og:url\" content=\"https:\/\/xn--mikelokiena-8db.com\/eus\/\" \/>\n<meta property=\"og:site_name\" content=\"Mikel Oki\u00f1ena\" \/>\n<meta property=\"article:modified_time\" content=\"2021-01-20T08:36:55+00:00\" \/>\n<meta name=\"twitter:card\" content=\"summary_large_image\" \/>\n<meta name=\"twitter:label1\" content=\"Est. reading time\" \/>\n\t<meta name=\"twitter:data1\" content=\"2 minutua\" \/>\n<script type=\"application\/ld+json\" class=\"yoast-schema-graph\">{\"@context\":\"https:\/\/schema.org\",\"@graph\":[{\"@type\":\"WebPage\",\"@id\":\"https:\/\/xn--mikelokiena-8db.com\/eus\/\",\"url\":\"https:\/\/xn--mikelokiena-8db.com\/eus\/\",\"name\":\"Home - Mikel Oki\u00f1ena\",\"isPartOf\":{\"@id\":\"https:\/\/xn--mikelokiena-8db.com\/#website\"},\"datePublished\":\"2021-01-19T14:31:04+00:00\",\"dateModified\":\"2021-01-20T08:36:55+00:00\",\"breadcrumb\":{\"@id\":\"https:\/\/xn--mikelokiena-8db.com\/eus\/#breadcrumb\"},\"inLanguage\":\"eu\",\"potentialAction\":[{\"@type\":\"ReadAction\",\"target\":[\"https:\/\/xn--mikelokiena-8db.com\/eus\/\"]}]},{\"@type\":\"BreadcrumbList\",\"@id\":\"https:\/\/xn--mikelokiena-8db.com\/eus\/#breadcrumb\",\"itemListElement\":[{\"@type\":\"ListItem\",\"position\":1,\"name\":\"Portada\",\"item\":\"https:\/\/xn--mikelokiena-8db.com\/eus\/\"},{\"@type\":\"ListItem\",\"position\":2,\"name\":\"Home\"}]},{\"@type\":\"WebSite\",\"@id\":\"https:\/\/xn--mikelokiena-8db.com\/#website\",\"url\":\"https:\/\/xn--mikelokiena-8db.com\/\",\"name\":\"Mikel Oki\u00f1ena\",\"description\":\"Artista pl\u00e1stico\",\"potentialAction\":[{\"@type\":\"SearchAction\",\"target\":{\"@type\":\"EntryPoint\",\"urlTemplate\":\"https:\/\/xn--mikelokiena-8db.com\/?s={search_term_string}\"},\"query-input\":\"required name=search_term_string\"}],\"inLanguage\":\"eu\"}]}<\/script>\n<!-- \/ Yoast SEO plugin. -->","yoast_head_json":{"title":"Home - Mikel Oki\u00f1ena","robots":{"index":"index","follow":"follow","max-snippet":"max-snippet:-1","max-image-preview":"max-image-preview:large","max-video-preview":"max-video-preview:-1"},"canonical":"https:\/\/xn--mikelokiena-8db.com\/eus\/","og_locale":"en_US","og_type":"article","og_title":"Home - Mikel Oki\u00f1ena","og_url":"https:\/\/xn--mikelokiena-8db.com\/eus\/","og_site_name":"Mikel Oki\u00f1ena","article_modified_time":"2021-01-20T08:36:55+00:00","twitter_card":"summary_large_image","twitter_misc":{"Est. reading time":"2 minutua"},"schema":{"@context":"https:\/\/schema.org","@graph":[{"@type":"WebPage","@id":"https:\/\/xn--mikelokiena-8db.com\/eus\/","url":"https:\/\/xn--mikelokiena-8db.com\/eus\/","name":"Home - Mikel Oki\u00f1ena","isPartOf":{"@id":"https:\/\/xn--mikelokiena-8db.com\/#website"},"datePublished":"2021-01-19T14:31:04+00:00","dateModified":"2021-01-20T08:36:55+00:00","breadcrumb":{"@id":"https:\/\/xn--mikelokiena-8db.com\/eus\/#breadcrumb"},"inLanguage":"eu","potentialAction":[{"@type":"ReadAction","target":["https:\/\/xn--mikelokiena-8db.com\/eus\/"]}]},{"@type":"BreadcrumbList","@id":"https:\/\/xn--mikelokiena-8db.com\/eus\/#breadcrumb","itemListElement":[{"@type":"ListItem","position":1,"name":"Portada","item":"https:\/\/xn--mikelokiena-8db.com\/eus\/"},{"@type":"ListItem","position":2,"name":"Home"}]},{"@type":"WebSite","@id":"https:\/\/xn--mikelokiena-8db.com\/#website","url":"https:\/\/xn--mikelokiena-8db.com\/","name":"Mikel Oki\u00f1ena","description":"Artista pl\u00e1stico","potentialAction":[{"@type":"SearchAction","target":{"@type":"EntryPoint","urlTemplate":"https:\/\/xn--mikelokiena-8db.com\/?s={search_term_string}"},"query-input":"required name=search_term_string"}],"inLanguage":"eu"}]}},"_links":{"self":[{"href":"https:\/\/xn--mikelokiena-8db.com\/eus\/wp-json\/wp\/v2\/pages\/14","targetHints":{"allow":["GET"]}}],"collection":[{"href":"https:\/\/xn--mikelokiena-8db.com\/eus\/wp-json\/wp\/v2\/pages"}],"about":[{"href":"https:\/\/xn--mikelokiena-8db.com\/eus\/wp-json\/wp\/v2\/types\/page"}],"author":[{"embeddable":true,"href":"https:\/\/xn--mikelokiena-8db.com\/eus\/wp-json\/wp\/v2\/users\/2"}],"replies":[{"embeddable":true,"href":"https:\/\/xn--mikelokiena-8db.com\/eus\/wp-json\/wp\/v2\/comments?post=14"}],"version-history":[{"count":12,"href":"https:\/\/xn--mikelokiena-8db.com\/eus\/wp-json\/wp\/v2\/pages\/14\/revisions"}],"predecessor-version":[{"id":68,"href":"https:\/\/xn--mikelokiena-8db.com\/eus\/wp-json\/wp\/v2\/pages\/14\/revisions\/68"}],"wp:attachment":[{"href":"https:\/\/xn--mikelokiena-8db.com\/eus\/wp-json\/wp\/v2\/media?parent=14"}],"curies":[{"name":"wp","href":"https:\/\/api.w.org\/{rel}","templated":true}]}}